{"id":12835,"date":"2024-04-23T10:49:55","date_gmt":"2024-04-23T08:49:55","guid":{"rendered":"https:\/\/www.time2plug.com\/page\/?page_id=12835"},"modified":"2024-12-09T11:15:52","modified_gmt":"2024-12-09T10:15:52","slug":"formulaire-supervision","status":"publish","type":"page","link":"https:\/\/www.time2plug.com\/page\/formulaire-supervision\/","title":{"rendered":"Formulaire Supervision"},"content":{"rendered":"\t\t<div data-elementor-type=\"wp-page\" data-elementor-id=\"12835\" class=\"elementor elementor-12835\" data-elementor-post-type=\"page\">\n\t\t\t\t\t\t<header class=\"elementor-section elementor-top-section elementor-element elementor-element-2b69ac0 elementor-hidden-mobile elementor-section-full_width elementor-section-stretched elementor-section-content-middle elementor-section-height-default elementor-section-height-default\" data-id=\"2b69ac0\" data-element_type=\"section\" data-e-type=\"section\" data-settings=\"{&quot;background_background&quot;:&quot;video&quot;,&quot;background_video_start&quot;:0,&quot;stretch_section&quot;:&quot;section-stretched&quot;}\">\n\t\t\t\t\t\t\t<div class=\"elementor-background-overlay\"><\/div>\n\t\t\t\t\t\t\t<div class=\"elementor-container elementor-column-gap-default\">\n\t\t\t\t\t<div class=\"elementor-column elementor-col-100 elementor-top-column elementor-element elementor-element-be6585d\" data-id=\"be6585d\" data-element_type=\"column\" data-e-type=\"column\">\n\t\t\t<div class=\"elementor-widget-wrap elementor-element-populated\">\n\t\t\t\t\t\t<div class=\"elementor-element elementor-element-f91214d elementor-widget elementor-widget-heading\" data-id=\"f91214d\" data-element_type=\"widget\" data-e-type=\"widget\" data-widget_type=\"heading.default\">\n\t\t\t\t<div class=\"elementor-widget-container\">\n\t\t\t\t\t<h1 class=\"elementor-heading-title elementor-size-default\">Formulaire de supervision<\/h1>\t\t\t\t<\/div>\n\t\t\t\t<\/div>\n\t\t\t\t\t<\/div>\n\t\t<\/div>\n\t\t\t\t\t<\/div>\n\t\t<\/header>\n\t\t\t\t<header class=\"elementor-section elementor-top-section elementor-element elementor-element-77a32c4 elementor-section-full_width elementor-section-stretched elementor-section-content-middle elementor-hidden-desktop elementor-hidden-tablet elementor-section-height-default elementor-section-height-default\" data-id=\"77a32c4\" data-element_type=\"section\" data-e-type=\"section\" data-settings=\"{&quot;background_background&quot;:&quot;video&quot;,&quot;background_video_start&quot;:0,&quot;stretch_section&quot;:&quot;section-stretched&quot;}\">\n\t\t\t\t\t\t\t<div class=\"elementor-background-overlay\"><\/div>\n\t\t\t\t\t\t\t<div class=\"elementor-container elementor-column-gap-default\">\n\t\t\t\t\t<div class=\"elementor-column elementor-col-100 elementor-top-column elementor-element elementor-element-a1aa415\" data-id=\"a1aa415\" data-element_type=\"column\" data-e-type=\"column\">\n\t\t\t<div class=\"elementor-widget-wrap elementor-element-populated\">\n\t\t\t\t\t\t<div class=\"elementor-element elementor-element-6569516 elementor-widget elementor-widget-heading\" data-id=\"6569516\" data-element_type=\"widget\" data-e-type=\"widget\" data-widget_type=\"heading.default\">\n\t\t\t\t<div class=\"elementor-widget-container\">\n\t\t\t\t\t<h1 class=\"elementor-heading-title elementor-size-default\">Formulaire de supervision<\/h1>\t\t\t\t<\/div>\n\t\t\t\t<\/div>\n\t\t\t\t\t<\/div>\n\t\t<\/div>\n\t\t\t\t\t<\/div>\n\t\t<\/header>\n\t\t\t\t<section class=\"elementor-section elementor-top-section elementor-element elementor-element-b49afb5 elementor-section-full_width elementor-section-stretched elementor-section-height-default elementor-section-height-default\" data-id=\"b49afb5\" data-element_type=\"section\" data-e-type=\"section\" data-settings=\"{&quot;stretch_section&quot;:&quot;section-stretched&quot;}\">\n\t\t\t\t\t\t<div class=\"elementor-container elementor-column-gap-default\">\n\t\t\t\t\t<div class=\"elementor-column elementor-col-100 elementor-top-column elementor-element elementor-element-f88b31e\" data-id=\"f88b31e\" data-element_type=\"column\" data-e-type=\"column\">\n\t\t\t<div class=\"elementor-widget-wrap elementor-element-populated\">\n\t\t\t\t\t\t<div class=\"elementor-element elementor-element-eb68a14 elementor-widget elementor-widget-breadcrumbs\" data-id=\"eb68a14\" data-element_type=\"widget\" data-e-type=\"widget\" data-widget_type=\"breadcrumbs.default\">\n\t\t\t\t<div class=\"elementor-widget-container\">\n\t\t\t\t\t<p id=\"breadcrumbs\"><span><span><a href=\"https:\/\/www.time2plug.com\/page\/\">Accueil<\/a><\/span><\/span><\/p>\t\t\t\t<\/div>\n\t\t\t\t<\/div>\n\t\t\t\t\t<\/div>\n\t\t<\/div>\n\t\t\t\t\t<\/div>\n\t\t<\/section>\n\t\t\t\t<section class=\"elementor-section elementor-top-section elementor-element elementor-element-9557586 elementor-hidden-desktop elementor-hidden-tablet elementor-section-boxed elementor-section-height-default elementor-section-height-default\" data-id=\"9557586\" data-element_type=\"section\" data-e-type=\"section\">\n\t\t\t\t\t\t<div class=\"elementor-container elementor-column-gap-default\">\n\t\t\t\t\t<div class=\"elementor-column elementor-col-50 elementor-top-column elementor-element elementor-element-1d606fd\" data-id=\"1d606fd\" data-element_type=\"column\" data-e-type=\"column\">\n\t\t\t<div class=\"elementor-widget-wrap elementor-element-populated\">\n\t\t\t\t\t\t<div class=\"elementor-element elementor-element-f54d22f elementor-view-default elementor-position-block-start elementor-mobile-position-block-start elementor-widget elementor-widget-icon-box\" data-id=\"f54d22f\" data-element_type=\"widget\" data-e-type=\"widget\" data-widget_type=\"icon-box.default\">\n\t\t\t\t<div class=\"elementor-widget-container\">\n\t\t\t\t\t\t\t<div class=\"elementor-icon-box-wrapper\">\n\n\t\t\t\t\t\t<div class=\"elementor-icon-box-icon\">\n\t\t\t\t<a href=\"\/form-supervision\/client\" target=\"_blank\" class=\"elementor-icon\" tabindex=\"-1\" aria-label=\"Une entreprise cherchant \u00e0 faire superviser ses bornes\">\n\t\t\t\t<i aria-hidden=\"true\" class=\"fas fa-user\"><\/i>\t\t\t\t<\/a>\n\t\t\t<\/div>\n\t\t\t\n\t\t\t\t\t\t<div class=\"elementor-icon-box-content\">\n\n\t\t\t\t\t\t\t\t\t<h3 class=\"elementor-icon-box-title\">\n\t\t\t\t\t\t<a href=\"\/form-supervision\/client\" target=\"_blank\" >\n\t\t\t\t\t\t\tUne entreprise cherchant \u00e0 faire superviser ses bornes\t\t\t\t\t\t<\/a>\n\t\t\t\t\t<\/h3>\n\t\t\t\t\n\t\t\t\t\n\t\t\t<\/div>\n\t\t\t\n\t\t<\/div>\n\t\t\t\t\t\t<\/div>\n\t\t\t\t<\/div>\n\t\t\t\t\t<\/div>\n\t\t<\/div>\n\t\t\t\t<div class=\"elementor-column elementor-col-50 elementor-top-column elementor-element elementor-element-09b8efc\" data-id=\"09b8efc\" data-element_type=\"column\" data-e-type=\"column\">\n\t\t\t<div class=\"elementor-widget-wrap elementor-element-populated\">\n\t\t\t\t\t\t<div class=\"elementor-element elementor-element-9144659 elementor-view-default elementor-position-block-start elementor-mobile-position-block-start elementor-widget elementor-widget-icon-box\" data-id=\"9144659\" data-element_type=\"widget\" data-e-type=\"widget\" data-widget_type=\"icon-box.default\">\n\t\t\t\t<div class=\"elementor-widget-container\">\n\t\t\t\t\t\t\t<div class=\"elementor-icon-box-wrapper\">\n\n\t\t\t\t\t\t<div class=\"elementor-icon-box-icon\">\n\t\t\t\t<a href=\"\/form-supervision\/collaborator\" target=\"_blank\" class=\"elementor-icon\" tabindex=\"-1\" aria-label=\"Un Installateur amenant un projet ext\u00e9rieur\">\n\t\t\t\t<i aria-hidden=\"true\" class=\"far fa-user\"><\/i>\t\t\t\t<\/a>\n\t\t\t<\/div>\n\t\t\t\n\t\t\t\t\t\t<div class=\"elementor-icon-box-content\">\n\n\t\t\t\t\t\t\t\t\t<h3 class=\"elementor-icon-box-title\">\n\t\t\t\t\t\t<a href=\"\/form-supervision\/collaborator\" target=\"_blank\" >\n\t\t\t\t\t\t\tUn Installateur amenant un projet ext\u00e9rieur\t\t\t\t\t\t<\/a>\n\t\t\t\t\t<\/h3>\n\t\t\t\t\n\t\t\t\t\n\t\t\t<\/div>\n\t\t\t\n\t\t<\/div>\n\t\t\t\t\t\t<\/div>\n\t\t\t\t<\/div>\n\t\t\t\t\t<\/div>\n\t\t<\/div>\n\t\t\t\t\t<\/div>\n\t\t<\/section>\n\t\t\t\t<section class=\"elementor-section elementor-top-section elementor-element elementor-element-c74217c elementor-hidden-mobile elementor-section-boxed elementor-section-height-default elementor-section-height-default\" data-id=\"c74217c\" data-element_type=\"section\" data-e-type=\"section\">\n\t\t\t\t\t\t<div class=\"elementor-container elementor-column-gap-default\">\n\t\t\t\t\t<div class=\"elementor-column elementor-col-50 elementor-top-column elementor-element elementor-element-190c160\" data-id=\"190c160\" data-element_type=\"column\" data-e-type=\"column\">\n\t\t\t<div class=\"elementor-widget-wrap elementor-element-populated\">\n\t\t\t\t\t\t<div class=\"elementor-element elementor-element-8f0bfaa elementor-view-default elementor-position-block-start elementor-mobile-position-block-start elementor-widget elementor-widget-icon-box\" data-id=\"8f0bfaa\" data-element_type=\"widget\" data-e-type=\"widget\" data-widget_type=\"icon-box.default\">\n\t\t\t\t<div class=\"elementor-widget-container\">\n\t\t\t\t\t\t\t<div class=\"elementor-icon-box-wrapper\">\n\n\t\t\t\t\t\t<div class=\"elementor-icon-box-icon\">\n\t\t\t\t<a href=\"\/form-supervision\/client\" target=\"_blank\" class=\"elementor-icon\" tabindex=\"-1\" aria-label=\"Une entreprise cherchant \u00e0 faire superviser ses bornes\">\n\t\t\t\t<i aria-hidden=\"true\" class=\"fas fa-user\"><\/i>\t\t\t\t<\/a>\n\t\t\t<\/div>\n\t\t\t\n\t\t\t\t\t\t<div class=\"elementor-icon-box-content\">\n\n\t\t\t\t\t\t\t\t\t<h3 class=\"elementor-icon-box-title\">\n\t\t\t\t\t\t<a href=\"\/form-supervision\/client\" target=\"_blank\" >\n\t\t\t\t\t\t\tUne entreprise cherchant \u00e0 faire superviser ses bornes\t\t\t\t\t\t<\/a>\n\t\t\t\t\t<\/h3>\n\t\t\t\t\n\t\t\t\t\n\t\t\t<\/div>\n\t\t\t\n\t\t<\/div>\n\t\t\t\t\t\t<\/div>\n\t\t\t\t<\/div>\n\t\t\t\t\t<\/div>\n\t\t<\/div>\n\t\t\t\t<div class=\"elementor-column elementor-col-50 elementor-top-column elementor-element elementor-element-5c9dcb9\" data-id=\"5c9dcb9\" data-element_type=\"column\" data-e-type=\"column\">\n\t\t\t<div class=\"elementor-widget-wrap elementor-element-populated\">\n\t\t\t\t\t\t<div class=\"elementor-element elementor-element-4753232 elementor-view-default elementor-position-block-start elementor-mobile-position-block-start elementor-widget elementor-widget-icon-box\" data-id=\"4753232\" data-element_type=\"widget\" data-e-type=\"widget\" data-widget_type=\"icon-box.default\">\n\t\t\t\t<div class=\"elementor-widget-container\">\n\t\t\t\t\t\t\t<div class=\"elementor-icon-box-wrapper\">\n\n\t\t\t\t\t\t<div class=\"elementor-icon-box-icon\">\n\t\t\t\t<a href=\"\/form-supervision\/collaborator\" target=\"_blank\" class=\"elementor-icon\" tabindex=\"-1\" aria-label=\"Un Installateur amenant un projet ext\u00e9rieur\">\n\t\t\t\t<i aria-hidden=\"true\" class=\"far fa-user\"><\/i>\t\t\t\t<\/a>\n\t\t\t<\/div>\n\t\t\t\n\t\t\t\t\t\t<div class=\"elementor-icon-box-content\">\n\n\t\t\t\t\t\t\t\t\t<h3 class=\"elementor-icon-box-title\">\n\t\t\t\t\t\t<a href=\"\/form-supervision\/collaborator\" target=\"_blank\" >\n\t\t\t\t\t\t\tUn Installateur amenant un projet ext\u00e9rieur\t\t\t\t\t\t<\/a>\n\t\t\t\t\t<\/h3>\n\t\t\t\t\n\t\t\t\t\n\t\t\t<\/div>\n\t\t\t\n\t\t<\/div>\n\t\t\t\t\t\t<\/div>\n\t\t\t\t<\/div>\n\t\t\t\t\t<\/div>\n\t\t<\/div>\n\t\t\t\t\t<\/div>\n\t\t<\/section>\n\t\t\t\t<\/div>\n\t\t","protected":false},"excerpt":{"rendered":"<p>Formulaire de supervision Formulaire de supervision Une entreprise cherchant \u00e0 faire superviser ses bornes Un Installateur amenant un projet ext\u00e9rieur Une entreprise cherchant \u00e0 faire superviser ses bornes Un Installateur amenant un projet ext\u00e9rieur<\/p>\n","protected":false},"author":14,"featured_media":0,"parent":0,"menu_order":0,"comment_status":"closed","ping_status":"closed","template":"","meta":{"_monsterinsights_skip_tracking":false,"_monsterinsights_sitenote_active":false,"_monsterinsights_sitenote_note":"","_monsterinsights_sitenote_category":0,"ocean_post_layout":"","ocean_both_sidebars_style":"","ocean_both_sidebars_content_width":0,"ocean_both_sidebars_sidebars_width":0,"ocean_sidebar":"0","ocean_second_sidebar":"0","ocean_disable_margins":"enable","ocean_add_body_class":"","ocean_shortcode_before_top_bar":"","ocean_shortcode_after_top_bar":"","ocean_shortcode_before_header":"","ocean_shortcode_after_header":"","ocean_has_shortcode":"","ocean_shortcode_after_title":"","ocean_shortcode_before_footer_widgets":"","ocean_shortcode_after_footer_widgets":"","ocean_shortcode_before_footer_bottom":"","ocean_shortcode_after_footer_bottom":"","ocean_display_top_bar":"default","ocean_display_header":"default","ocean_header_style":"","ocean_center_header_left_menu":"0","ocean_custom_header_template":"0","ocean_custom_logo":0,"ocean_custom_retina_logo":0,"ocean_custom_logo_max_width":0,"ocean_custom_logo_tablet_max_width":0,"ocean_custom_logo_mobile_max_width":0,"ocean_custom_logo_max_height":0,"ocean_custom_logo_tablet_max_height":0,"ocean_custom_logo_mobile_max_height":0,"ocean_header_custom_menu":"0","ocean_menu_typo_font_family":"0","ocean_menu_typo_font_subset":"","ocean_menu_typo_font_size":0,"ocean_menu_typo_font_size_tablet":0,"ocean_menu_typo_font_size_mobile":0,"ocean_menu_typo_font_size_unit":"px","ocean_menu_typo_font_weight":"","ocean_menu_typo_font_weight_tablet":"","ocean_menu_typo_font_weight_mobile":"","ocean_menu_typo_transform":"","ocean_menu_typo_transform_tablet":"","ocean_menu_typo_transform_mobile":"","ocean_menu_typo_line_height":0,"ocean_menu_typo_line_height_tablet":0,"ocean_menu_typo_line_height_mobile":0,"ocean_menu_typo_line_height_unit":"","ocean_menu_typo_spacing":0,"ocean_menu_typo_spacing_tablet":0,"ocean_menu_typo_spacing_mobile":0,"ocean_menu_typo_spacing_unit":"","ocean_menu_link_color":"","ocean_menu_link_color_hover":"","ocean_menu_link_color_active":"","ocean_menu_link_background":"","ocean_menu_link_hover_background":"","ocean_menu_link_active_background":"","ocean_menu_social_links_bg":"","ocean_menu_social_hover_links_bg":"","ocean_menu_social_links_color":"","ocean_menu_social_hover_links_color":"","ocean_disable_title":"on","ocean_disable_heading":"default","ocean_post_title":"Bornes de recharge pour entreprises","ocean_post_subheading":"","ocean_post_title_style":"","ocean_post_title_background_color":"","ocean_post_title_background":0,"ocean_post_title_bg_image_position":"","ocean_post_title_bg_image_attachment":"","ocean_post_title_bg_image_repeat":"","ocean_post_title_bg_image_size":"","ocean_post_title_height":0,"ocean_post_title_bg_overlay":0.5,"ocean_post_title_bg_overlay_color":"","ocean_disable_breadcrumbs":"default","ocean_breadcrumbs_color":"","ocean_breadcrumbs_separator_color":"","ocean_breadcrumbs_links_color":"","ocean_breadcrumbs_links_hover_color":"","ocean_display_footer_widgets":"default","ocean_display_footer_bottom":"default","ocean_custom_footer_template":"0","osh_disable_topbar_sticky":"default","osh_disable_header_sticky":"default","osh_sticky_header_style":"default","osh_sticky_header_effect":"","osh_custom_sticky_logo":0,"osh_custom_retina_sticky_logo":0,"osh_custom_sticky_logo_height":0,"osh_background_color":"","osh_links_color":"","osh_links_hover_color":"","osh_links_active_color":"","osh_links_bg_color":"","osh_links_hover_bg_color":"","osh_links_active_bg_color":"","osh_menu_social_links_color":"","osh_menu_social_hover_links_color":"","footnotes":""},"class_list":["post-12835","page","type-page","status-publish","hentry","entry"],"yoast_head":"<!-- This site is optimized with the Yoast SEO plugin v27.3 - https:\/\/yoast.com\/product\/yoast-seo-wordpress\/ -->\n<title>Formulaire de supervision<\/title>\n<meta name=\"description\" content=\"Acc\u00e9dez \u00e0 notre formulaire de supervision : suivez et g\u00e9rez vos projets facilement avec une interface intuitive.\" \/>\n<meta name=\"robots\" content=\"index, follow, max-snippet:-1, max-image-preview:large, max-video-preview:-1\" \/>\n<link rel=\"canonical\" href=\"https:\/\/www.time2plug.com\/page\/formulaire-supervision\/\" \/>\n<meta property=\"og:locale\" content=\"fr_FR\" \/>\n<meta property=\"og:type\" content=\"article\" \/>\n<meta property=\"og:title\" content=\"Formulaire de supervision\" \/>\n<meta property=\"og:description\" content=\"Acc\u00e9dez \u00e0 notre formulaire de supervision : suivez et g\u00e9rez vos projets facilement avec une interface intuitive.\" \/>\n<meta property=\"og:url\" content=\"https:\/\/www.time2plug.com\/page\/formulaire-supervision\/\" \/>\n<meta property=\"og:site_name\" content=\"Time2plug\" \/>\n<meta property=\"article:modified_time\" content=\"2024-12-09T10:15:52+00:00\" \/>\n<meta property=\"og:image\" content=\"https:\/\/www.time2plug.com\/page\/wp-content\/uploads\/2025\/04\/T2P-Blanc_Background-Orange.png\" \/>\n\t<meta property=\"og:image:width\" content=\"300\" \/>\n\t<meta property=\"og:image:height\" content=\"300\" \/>\n\t<meta property=\"og:image:type\" content=\"image\/png\" \/>\n<meta name=\"twitter:card\" content=\"summary_large_image\" \/>\n<meta name=\"twitter:label1\" content=\"Dur\u00e9e de lecture estim\u00e9e\" \/>\n\t<meta name=\"twitter:data1\" content=\"1 minute\" \/>\n<script type=\"application\/ld+json\" class=\"yoast-schema-graph\">{\"@context\":\"https:\\\/\\\/schema.org\",\"@graph\":[{\"@type\":\"WebPage\",\"@id\":\"https:\\\/\\\/www.time2plug.com\\\/page\\\/formulaire-supervision\\\/\",\"url\":\"https:\\\/\\\/www.time2plug.com\\\/page\\\/formulaire-supervision\\\/\",\"name\":\"Formulaire de supervision\",\"isPartOf\":{\"@id\":\"https:\\\/\\\/www.time2plug.com\\\/page\\\/#website\"},\"datePublished\":\"2024-04-23T08:49:55+00:00\",\"dateModified\":\"2024-12-09T10:15:52+00:00\",\"description\":\"Acc\u00e9dez \u00e0 notre formulaire de supervision : suivez et g\u00e9rez vos projets facilement avec une interface intuitive.\",\"breadcrumb\":{\"@id\":\"https:\\\/\\\/www.time2plug.com\\\/page\\\/formulaire-supervision\\\/#breadcrumb\"},\"inLanguage\":\"fr-FR\",\"potentialAction\":[{\"@type\":\"ReadAction\",\"target\":[\"https:\\\/\\\/www.time2plug.com\\\/page\\\/formulaire-supervision\\\/\"]}]},{\"@type\":\"BreadcrumbList\",\"@id\":\"https:\\\/\\\/www.time2plug.com\\\/page\\\/formulaire-supervision\\\/#breadcrumb\",\"itemListElement\":[{\"@type\":\"ListItem\",\"position\":1,\"name\":\"Accueil\",\"item\":\"https:\\\/\\\/www.time2plug.com\\\/page\\\/\"},{\"@type\":\"ListItem\",\"position\":2,\"name\":\"Formulaire Supervision\"}]},{\"@type\":\"WebSite\",\"@id\":\"https:\\\/\\\/www.time2plug.com\\\/page\\\/#website\",\"url\":\"https:\\\/\\\/www.time2plug.com\\\/page\\\/\",\"name\":\"Time2plug\",\"description\":\"Installation et gestion de bornes recharge pour voitures \u00e9lectriques\",\"publisher\":{\"@id\":\"https:\\\/\\\/www.time2plug.com\\\/page\\\/#organization\"},\"alternateName\":\"Bornes de recharge pour voitures \u00e9lectriques\",\"potentialAction\":[{\"@type\":\"SearchAction\",\"target\":{\"@type\":\"EntryPoint\",\"urlTemplate\":\"https:\\\/\\\/www.time2plug.com\\\/page\\\/?s={search_term_string}\"},\"query-input\":{\"@type\":\"PropertyValueSpecification\",\"valueRequired\":true,\"valueName\":\"search_term_string\"}}],\"inLanguage\":\"fr-FR\"},{\"@type\":\"Organization\",\"@id\":\"https:\\\/\\\/www.time2plug.com\\\/page\\\/#organization\",\"name\":\"Time2plug\",\"alternateName\":\"Bornes de recharge pour voitures \u00e9lectriques\",\"url\":\"https:\\\/\\\/www.time2plug.com\\\/page\\\/\",\"logo\":{\"@type\":\"ImageObject\",\"inLanguage\":\"fr-FR\",\"@id\":\"https:\\\/\\\/www.time2plug.com\\\/page\\\/#\\\/schema\\\/logo\\\/image\\\/\",\"url\":\"https:\\\/\\\/www.time2plug.com\\\/page\\\/wp-content\\\/uploads\\\/2025\\\/04\\\/T2P-Blanc_Background-Orange.png\",\"contentUrl\":\"https:\\\/\\\/www.time2plug.com\\\/page\\\/wp-content\\\/uploads\\\/2025\\\/04\\\/T2P-Blanc_Background-Orange.png\",\"width\":300,\"height\":300,\"caption\":\"Time2plug\"},\"image\":{\"@id\":\"https:\\\/\\\/www.time2plug.com\\\/page\\\/#\\\/schema\\\/logo\\\/image\\\/\"},\"sameAs\":[\"https:\\\/\\\/www.linkedin.com\\\/company\\\/time2plug\\\/\"]}]}<\/script>\n<!-- \/ Yoast SEO plugin. -->","yoast_head_json":{"title":"Formulaire de supervision","description":"Acc\u00e9dez \u00e0 notre formulaire de supervision : suivez et g\u00e9rez vos projets facilement avec une interface intuitive.","robots":{"index":"index","follow":"follow","max-snippet":"max-snippet:-1","max-image-preview":"max-image-preview:large","max-video-preview":"max-video-preview:-1"},"canonical":"https:\/\/www.time2plug.com\/page\/formulaire-supervision\/","og_locale":"fr_FR","og_type":"article","og_title":"Formulaire de supervision","og_description":"Acc\u00e9dez \u00e0 notre formulaire de supervision : suivez et g\u00e9rez vos projets facilement avec une interface intuitive.","og_url":"https:\/\/www.time2plug.com\/page\/formulaire-supervision\/","og_site_name":"Time2plug","article_modified_time":"2024-12-09T10:15:52+00:00","og_image":[{"width":300,"height":300,"url":"https:\/\/www.time2plug.com\/page\/wp-content\/uploads\/2025\/04\/T2P-Blanc_Background-Orange.png","type":"image\/png"}],"twitter_card":"summary_large_image","twitter_misc":{"Dur\u00e9e de lecture estim\u00e9e":"1 minute"},"schema":{"@context":"https:\/\/schema.org","@graph":[{"@type":"WebPage","@id":"https:\/\/www.time2plug.com\/page\/formulaire-supervision\/","url":"https:\/\/www.time2plug.com\/page\/formulaire-supervision\/","name":"Formulaire de supervision","isPartOf":{"@id":"https:\/\/www.time2plug.com\/page\/#website"},"datePublished":"2024-04-23T08:49:55+00:00","dateModified":"2024-12-09T10:15:52+00:00","description":"Acc\u00e9dez \u00e0 notre formulaire de supervision : suivez et g\u00e9rez vos projets facilement avec une interface intuitive.","breadcrumb":{"@id":"https:\/\/www.time2plug.com\/page\/formulaire-supervision\/#breadcrumb"},"inLanguage":"fr-FR","potentialAction":[{"@type":"ReadAction","target":["https:\/\/www.time2plug.com\/page\/formulaire-supervision\/"]}]},{"@type":"BreadcrumbList","@id":"https:\/\/www.time2plug.com\/page\/formulaire-supervision\/#breadcrumb","itemListElement":[{"@type":"ListItem","position":1,"name":"Accueil","item":"https:\/\/www.time2plug.com\/page\/"},{"@type":"ListItem","position":2,"name":"Formulaire Supervision"}]},{"@type":"WebSite","@id":"https:\/\/www.time2plug.com\/page\/#website","url":"https:\/\/www.time2plug.com\/page\/","name":"Time2plug","description":"Installation et gestion de bornes recharge pour voitures \u00e9lectriques","publisher":{"@id":"https:\/\/www.time2plug.com\/page\/#organization"},"alternateName":"Bornes de recharge pour voitures \u00e9lectriques","potentialAction":[{"@type":"SearchAction","target":{"@type":"EntryPoint","urlTemplate":"https:\/\/www.time2plug.com\/page\/?s={search_term_string}"},"query-input":{"@type":"PropertyValueSpecification","valueRequired":true,"valueName":"search_term_string"}}],"inLanguage":"fr-FR"},{"@type":"Organization","@id":"https:\/\/www.time2plug.com\/page\/#organization","name":"Time2plug","alternateName":"Bornes de recharge pour voitures \u00e9lectriques","url":"https:\/\/www.time2plug.com\/page\/","logo":{"@type":"ImageObject","inLanguage":"fr-FR","@id":"https:\/\/www.time2plug.com\/page\/#\/schema\/logo\/image\/","url":"https:\/\/www.time2plug.com\/page\/wp-content\/uploads\/2025\/04\/T2P-Blanc_Background-Orange.png","contentUrl":"https:\/\/www.time2plug.com\/page\/wp-content\/uploads\/2025\/04\/T2P-Blanc_Background-Orange.png","width":300,"height":300,"caption":"Time2plug"},"image":{"@id":"https:\/\/www.time2plug.com\/page\/#\/schema\/logo\/image\/"},"sameAs":["https:\/\/www.linkedin.com\/company\/time2plug\/"]}]}},"_links":{"self":[{"href":"https:\/\/www.time2plug.com\/page\/wp-json\/wp\/v2\/pages\/12835","targetHints":{"allow":["GET"]}}],"collection":[{"href":"https:\/\/www.time2plug.com\/page\/wp-json\/wp\/v2\/pages"}],"about":[{"href":"https:\/\/www.time2plug.com\/page\/wp-json\/wp\/v2\/types\/page"}],"author":[{"embeddable":true,"href":"https:\/\/www.time2plug.com\/page\/wp-json\/wp\/v2\/users\/14"}],"replies":[{"embeddable":true,"href":"https:\/\/www.time2plug.com\/page\/wp-json\/wp\/v2\/comments?post=12835"}],"version-history":[{"count":0,"href":"https:\/\/www.time2plug.com\/page\/wp-json\/wp\/v2\/pages\/12835\/revisions"}],"wp:attachment":[{"href":"https:\/\/www.time2plug.com\/page\/wp-json\/wp\/v2\/media?parent=12835"}],"curies":[{"name":"wp","href":"https:\/\/api.w.org\/{rel}","templated":true}]}}