{"id":14264,"date":"2024-07-16T13:45:41","date_gmt":"2024-07-16T11:45:41","guid":{"rendered":"https:\/\/www.time2plug.com\/page\/?page_id=14264"},"modified":"2024-07-16T13:52:49","modified_gmt":"2024-07-16T11:52:49","slug":"politique-de-remboursement","status":"publish","type":"page","link":"https:\/\/www.time2plug.com\/page\/politique-de-remboursement\/","title":{"rendered":"Politique de remboursement"},"content":{"rendered":"\t\t<div data-elementor-type=\"wp-page\" data-elementor-id=\"14264\" class=\"elementor elementor-14264\" data-elementor-post-type=\"page\">\n\t\t\t\t\t\t<section class=\"elementor-section elementor-top-section elementor-element elementor-element-5551ba50 elementor-section-boxed elementor-section-height-default elementor-section-height-default\" data-id=\"5551ba50\" data-element_type=\"section\" data-e-type=\"section\">\n\t\t\t\t\t\t<div class=\"elementor-container elementor-column-gap-default\">\n\t\t\t\t\t<div class=\"elementor-column elementor-col-100 elementor-top-column elementor-element elementor-element-6d7ca309\" data-id=\"6d7ca309\" data-element_type=\"column\" data-e-type=\"column\">\n\t\t\t<div class=\"elementor-widget-wrap elementor-element-populated\">\n\t\t\t\t\t\t<div class=\"elementor-element elementor-element-44d73a5 elementor-widget elementor-widget-text-editor\" data-id=\"44d73a5\" data-element_type=\"widget\" data-e-type=\"widget\" data-widget_type=\"text-editor.default\">\n\t\t\t\t<div class=\"elementor-widget-container\">\n\t\t\t\t\t\t\t\t\t<p><\/p>\n<div class=\"p-rich_text_section\" style=\"box-sizing: inherit; counter-reset: list-0 0 list-1 0 list-2 0 list-3 0 list-4 0 list-5 0 list-6 0 list-7 0 list-8 0 list-9 0; color: #1d1c1d; font-family: Slack-Lato, Slack-Fractions, appleLogo, sans-serif; font-size: 15px; font-style: normal; font-variant-ligatures: common-ligatures; font-variant-caps: normal; font-weight: 400;\">\n<h2><b style=\"box-sizing: inherit;\" data-stringify-type=\"bold\">Politique de Remboursement pour les Services de Recharge de V\u00e9hicules \u00c9lectriques<\/b><\/h2>\n<h3><b style=\"box-sizing: inherit;\" data-stringify-type=\"bold\">1. Introduction<\/b><\/h3>\n<p>Chez Time2plug, nous nous engageons \u00e0 offrir des services de recharge de haute qualit\u00e9 pour les v\u00e9hicules \u00e9lectriques. Notre objectif est de garantir la satisfaction de nos clients. Cependant, nous comprenons que des situations peuvent survenir o\u00f9 un remboursement peut \u00eatre n\u00e9cessaire. Cette politique d\u00e9crit les conditions et les proc\u00e9dures pour obtenir un remboursement.<br><br style=\"box-sizing: inherit;\"><\/p>\n<h3><b style=\"box-sizing: inherit;\" data-stringify-type=\"bold\">2. Conditions de Remboursement<\/b><\/h3>\n<p>Les remboursements peuvent \u00eatre accord\u00e9s dans les cas suivants :<\/p>\n<\/div>\n<ul class=\"p-rich_text_list p-rich_text_list__bullet\" style=\"box-sizing: inherit; margin-top: 0px; margin-bottom: 0px; margin-left: 0px; list-style-type: none; color: #1d1c1d; font-family: Slack-Lato, Slack-Fractions, appleLogo, sans-serif; font-size: 15px; font-style: normal; font-variant-ligatures: common-ligatures; font-variant-caps: normal; font-weight: 400;\" data-stringify-type=\"unordered-list\" data-indent=\"0\" data-border=\"0\">\n<li style=\"box-sizing: inherit; margin-left: 28px; list-style-type: none;\" data-stringify-indent=\"0\" data-stringify-border=\"0\"><b style=\"box-sizing: inherit;\" data-stringify-type=\"bold\">Probl\u00e8mes Techniques<\/b>&nbsp;: Si une borne de recharge ne fonctionne pas correctement et que vous n\u2019avez pas pu recharger votre v\u00e9hicule comme pr\u00e9vu.<\/li>\n<li style=\"box-sizing: inherit; margin-left: 28px; list-style-type: none;\" data-stringify-indent=\"0\" data-stringify-border=\"0\"><b style=\"box-sizing: inherit;\" data-stringify-type=\"bold\">Erreurs de Facturation<\/b>&nbsp;: Si vous avez \u00e9t\u00e9 factur\u00e9 de mani\u00e8re incorrecte en raison d\u2019une erreur de notre part.<\/li>\n<li style=\"box-sizing: inherit; margin-left: 28px; list-style-type: none;\" data-stringify-indent=\"0\" data-stringify-border=\"0\"><b style=\"box-sizing: inherit;\" data-stringify-type=\"bold\">Interruption du Service<\/b>&nbsp;: Si le service a \u00e9t\u00e9 interrompu de mani\u00e8re impr\u00e9vue pendant une p\u00e9riode prolong\u00e9e alors que vous utilisiez la borne.<\/li>\n<li style=\"box-sizing: inherit; margin-left: 28px; list-style-type: none;\" data-stringify-indent=\"0\" data-stringify-border=\"0\">&nbsp;<\/li>\n<\/ul>\n<h3><b style=\"box-sizing: inherit;\" data-stringify-type=\"bold\">3. Proc\u00e9dure de Demande de Remboursement<\/b><\/h3>\n<h2 style=\"box-sizing: inherit; counter-reset: list-0 0 list-1 0 list-2 0 list-3 0 list-4 0 list-5 0 list-6 0 list-7 0 list-8 0 list-9 0; color: #1d1c1d; font-family: Slack-Lato, Slack-Fractions, appleLogo, sans-serif; font-size: 15px; font-style: normal; font-variant-ligatures: common-ligatures; font-variant-caps: normal; font-weight: 400;\">Pour demander un remboursement, veuillez suivre les \u00e9tapes suivantes :<\/h2>\n<ol class=\"p-rich_text_list p-rich_text_list__ordered\" style=\"box-sizing: inherit; margin-top: 0px; margin-bottom: 0px; margin-left: 0px; list-style-type: none; counter-reset: list-1 0 list-2 0 list-3 0 list-4 0 list-5 0 list-6 0 list-7 0 list-8 0; color: #1d1c1d; font-family: Slack-Lato, Slack-Fractions, appleLogo, sans-serif; font-size: 15px; font-style: normal; font-variant-ligatures: common-ligatures; font-variant-caps: normal; font-weight: 400;\" data-stringify-type=\"ordered-list\" data-indent=\"0\" data-border=\"0\">\n<li style=\"box-sizing: inherit; margin-left: 28px; list-style-type: none;\" data-stringify-indent=\"0\" data-stringify-border=\"0\"><b style=\"box-sizing: inherit;\" data-stringify-type=\"bold\">Contactez notre Service Client<\/b>&nbsp;: Envoyez un e-mail \u00e0 support@time2plug ou appelez-nous au&nbsp;<a class=\"c-link\" style=\"box-sizing: inherit; color: rgba(var(--sk_highlight,18,100,163),1);\" href=\"tel:+33189716726\" target=\"_blank\" rel=\"noopener noreferrer\" data-stringify-link=\"tel:+33189716726\" data-sk=\"tooltip_parent\">+33189716726<\/a>&nbsp;dans les 30 jours suivant l\u2019incident.<\/li>\n<li style=\"box-sizing: inherit; margin-left: 28px; list-style-type: none;\" data-stringify-indent=\"0\" data-stringify-border=\"0\"><b style=\"box-sizing: inherit;\" data-stringify-type=\"bold\">Fournissez les D\u00e9tails N\u00e9cessaires<\/b>&nbsp;: Indiquez votre nom, votre adresse e-mail, votre num\u00e9ro de t\u00e9l\u00e9phone, la date et l\u2019heure de l\u2019incident, l\u2019emplacement de la borne de recharge, ainsi que toute preuve pertinente (par exemple, re\u00e7us, captures d\u2019\u00e9cran, etc.).<\/li>\n<li style=\"box-sizing: inherit; margin-left: 28px; list-style-type: none;\" data-stringify-indent=\"0\" data-stringify-border=\"0\"><b style=\"box-sizing: inherit;\" data-stringify-type=\"bold\">Examen de la Demande<\/b>&nbsp;: Notre \u00e9quipe examinera votre demande et pourra vous contacter pour des informations suppl\u00e9mentaires si n\u00e9cessaire.<\/li>\n<li style=\"box-sizing: inherit; margin-left: 28px; list-style-type: none;\" data-stringify-indent=\"0\" data-stringify-border=\"0\"><b style=\"box-sizing: inherit;\" data-stringify-type=\"bold\">D\u00e9cision et Remboursement<\/b>&nbsp;: Si votre demande est approuv\u00e9e, le remboursement sera trait\u00e9 dans un d\u00e9lai de 14 jours ouvrables. Le remboursement sera effectu\u00e9 via le m\u00eame mode de paiement que celui utilis\u00e9 lors de la transaction initiale.<\/li>\n<\/ol>\n<div>\n<p><span style=\"color: #1d1c1d; font-family: Slack-Lato, Slack-Fractions, appleLogo, sans-serif;\"><span style=\"font-size: 15px; font-variant-ligatures: common-ligatures;\">&nbsp;<\/span><\/span><\/p>\n<p><span style=\"color: #1d1c1d; font-family: Slack-Lato, Slack-Fractions, appleLogo, sans-serif;\"><span style=\"font-size: 15px; font-variant-ligatures: common-ligatures;\">4. Exceptions et Limitations<\/span><\/span><\/p>\n<\/div>\n<ul class=\"p-rich_text_list p-rich_text_list__bullet\" style=\"box-sizing: inherit; margin-top: 0px; margin-bottom: 0px; margin-left: 0px; list-style-type: none; color: #1d1c1d; font-family: Slack-Lato, Slack-Fractions, appleLogo, sans-serif; font-size: 15px; font-style: normal; font-variant-ligatures: common-ligatures; font-variant-caps: normal; font-weight: 400;\" data-stringify-type=\"unordered-list\" data-indent=\"0\" data-border=\"0\">\n<li style=\"box-sizing: inherit; margin-left: 28px; list-style-type: none;\" data-stringify-indent=\"0\" data-stringify-border=\"0\">Les demandes de remboursement doivent \u00eatre soumises dans les 30 jours suivant l\u2019incident.<\/li>\n<li style=\"box-sizing: inherit; margin-left: 28px; list-style-type: none;\" data-stringify-indent=\"0\" data-stringify-border=\"0\">Aucun remboursement ne sera accord\u00e9 en cas de mauvais usage des bornes de recharge ou de non-respect des instructions d\u2019utilisation.<\/li>\n<li style=\"box-sizing: inherit; margin-left: 28px; list-style-type: none;\" data-stringify-indent=\"0\" data-stringify-border=\"0\">Les remboursements partiels peuvent \u00eatre effectu\u00e9s \u00e0 notre discr\u00e9tion en fonction des circonstances sp\u00e9cifiques de chaque cas.<\/li><li style=\"box-sizing: inherit; margin-left: 28px; list-style-type: none;\" data-stringify-indent=\"0\" data-stringify-border=\"0\"><br><\/li>\n<\/ul>\n<div class=\"p-rich_text_section\" style=\"box-sizing: inherit; counter-reset: list-0 0 list-1 0 list-2 0 list-3 0 list-4 0 list-5 0 list-6 0 list-7 0 list-8 0 list-9 0; color: #1d1c1d; font-family: Slack-Lato, Slack-Fractions, appleLogo, sans-serif; font-size: 15px; font-style: normal; font-variant-ligatures: common-ligatures; font-variant-caps: normal; font-weight: 400;\">\n<h3><b style=\"box-sizing: inherit;\" data-stringify-type=\"bold\">5. Contact<\/b><\/h3>\n<p>Pour toute question concernant cette politique de remboursement, veuillez contacter notre service client \u00e0 support@time2plug ou au&nbsp;<a class=\"c-link\" style=\"box-sizing: inherit; color: rgba(var(--sk_highlight,18,100,163),1);\" href=\"tel:+33189716726\" target=\"_blank\" rel=\"noopener noreferrer\" data-stringify-link=\"tel:+33189716726\" data-sk=\"tooltip_parent\">+33189716726<\/a>.<\/p>\n<p><\/p>\n<h3><b style=\"box-sizing: inherit;\" data-stringify-type=\"bold\">6. Modifications de la Politique<\/b><\/h3>\n<p>Time2plug se r\u00e9serve le droit de modifier cette politique de remboursement \u00e0 tout moment. Toute modification sera publi\u00e9e sur notre site web et entrera en vigueur imm\u00e9diatement apr\u00e8s sa publication.<\/p>\n<\/div>\n<p><\/p>\t\t\t\t\t\t\t\t<\/div>\n\t\t\t\t<\/div>\n\t\t\t\t\t<\/div>\n\t\t<\/div>\n\t\t\t\t\t<\/div>\n\t\t<\/section>\n\t\t\t\t<\/div>\n\t\t","protected":false},"excerpt":{"rendered":"<p>Politique de Remboursement pour les Services de Recharge de V\u00e9hicules \u00c9lectriques 1. Introduction Chez Time2plug, nous nous engageons \u00e0 offrir des services de recharge de haute qualit\u00e9 pour les v\u00e9hicules \u00e9lectriques. Notre objectif est de garantir la satisfaction de nos clients. Cependant, nous comprenons que des situations peuvent survenir o\u00f9 un remboursement peut \u00eatre n\u00e9cessaire. [&hellip;]<\/p>\n","protected":false},"author":14,"featured_media":0,"parent":0,"menu_order":0,"comment_status":"closed","ping_status":"closed","template":"","meta":{"_monsterinsights_skip_tracking":false,"_monsterinsights_sitenote_active":false,"_monsterinsights_sitenote_note":"","_monsterinsights_sitenote_category":0,"ocean_post_layout":"","ocean_both_sidebars_style":"","ocean_both_sidebars_content_width":0,"ocean_both_sidebars_sidebars_width":0,"ocean_sidebar":"0","ocean_second_sidebar":"0","ocean_disable_margins":"enable","ocean_add_body_class":"","ocean_shortcode_before_top_bar":"","ocean_shortcode_after_top_bar":"","ocean_shortcode_before_header":"","ocean_shortcode_after_header":"","ocean_has_shortcode":"","ocean_shortcode_after_title":"","ocean_shortcode_before_footer_widgets":"","ocean_shortcode_after_footer_widgets":"","ocean_shortcode_before_footer_bottom":"","ocean_shortcode_after_footer_bottom":"","ocean_display_top_bar":"default","ocean_display_header":"default","ocean_header_style":"","ocean_center_header_left_menu":"0","ocean_custom_header_template":"0","ocean_custom_logo":0,"ocean_custom_retina_logo":0,"ocean_custom_logo_max_width":0,"ocean_custom_logo_tablet_max_width":0,"ocean_custom_logo_mobile_max_width":0,"ocean_custom_logo_max_height":0,"ocean_custom_logo_tablet_max_height":0,"ocean_custom_logo_mobile_max_height":0,"ocean_header_custom_menu":"0","ocean_menu_typo_font_family":"0","ocean_menu_typo_font_subset":"","ocean_menu_typo_font_size":0,"ocean_menu_typo_font_size_tablet":0,"ocean_menu_typo_font_size_mobile":0,"ocean_menu_typo_font_size_unit":"px","ocean_menu_typo_font_weight":"","ocean_menu_typo_font_weight_tablet":"","ocean_menu_typo_font_weight_mobile":"","ocean_menu_typo_transform":"","ocean_menu_typo_transform_tablet":"","ocean_menu_typo_transform_mobile":"","ocean_menu_typo_line_height":0,"ocean_menu_typo_line_height_tablet":0,"ocean_menu_typo_line_height_mobile":0,"ocean_menu_typo_line_height_unit":"","ocean_menu_typo_spacing":0,"ocean_menu_typo_spacing_tablet":0,"ocean_menu_typo_spacing_mobile":0,"ocean_menu_typo_spacing_unit":"","ocean_menu_link_color":"","ocean_menu_link_color_hover":"","ocean_menu_link_color_active":"","ocean_menu_link_background":"","ocean_menu_link_hover_background":"","ocean_menu_link_active_background":"","ocean_menu_social_links_bg":"","ocean_menu_social_hover_links_bg":"","ocean_menu_social_links_color":"","ocean_menu_social_hover_links_color":"","ocean_disable_title":"default","ocean_disable_heading":"default","ocean_post_title":"","ocean_post_subheading":"","ocean_post_title_style":"","ocean_post_title_background_color":"","ocean_post_title_background":0,"ocean_post_title_bg_image_position":"","ocean_post_title_bg_image_attachment":"","ocean_post_title_bg_image_repeat":"","ocean_post_title_bg_image_size":"","ocean_post_title_height":0,"ocean_post_title_bg_overlay":0.5,"ocean_post_title_bg_overlay_color":"","ocean_disable_breadcrumbs":"default","ocean_breadcrumbs_color":"","ocean_breadcrumbs_separator_color":"","ocean_breadcrumbs_links_color":"","ocean_breadcrumbs_links_hover_color":"","ocean_display_footer_widgets":"default","ocean_display_footer_bottom":"default","ocean_custom_footer_template":"0","osh_disable_topbar_sticky":"default","osh_disable_header_sticky":"default","osh_sticky_header_style":"default","osh_sticky_header_effect":"","osh_custom_sticky_logo":0,"osh_custom_retina_sticky_logo":0,"osh_custom_sticky_logo_height":0,"osh_background_color":"","osh_links_color":"","osh_links_hover_color":"","osh_links_active_color":"","osh_links_bg_color":"","osh_links_hover_bg_color":"","osh_links_active_bg_color":"","osh_menu_social_links_color":"","osh_menu_social_hover_links_color":"","footnotes":""},"class_list":["post-14264","page","type-page","status-publish","hentry","entry"],"yoast_head":"<!-- This site is optimized with the Yoast SEO plugin v27.3 - https:\/\/yoast.com\/product\/yoast-seo-wordpress\/ -->\n<title>Politique de remboursement | Time2plug<\/title>\n<meta name=\"robots\" content=\"noindex, nofollow\" \/>\n<meta property=\"og:locale\" content=\"fr_FR\" \/>\n<meta property=\"og:type\" content=\"article\" \/>\n<meta property=\"og:title\" content=\"Politique de remboursement | Time2plug\" \/>\n<meta property=\"og:description\" content=\"Politique de Remboursement pour les Services de Recharge de V\u00e9hicules \u00c9lectriques 1. Introduction Chez Time2plug, nous nous engageons \u00e0 offrir des services de recharge de haute qualit\u00e9 pour les v\u00e9hicules \u00e9lectriques. Notre objectif est de garantir la satisfaction de nos clients. Cependant, nous comprenons que des situations peuvent survenir o\u00f9 un remboursement peut \u00eatre n\u00e9cessaire. [&hellip;]\" \/>\n<meta property=\"og:url\" content=\"https:\/\/www.time2plug.com\/page\/politique-de-remboursement\/\" \/>\n<meta property=\"og:site_name\" content=\"Time2plug\" \/>\n<meta property=\"article:modified_time\" content=\"2024-07-16T11:52:49+00:00\" \/>\n<meta property=\"og:image\" content=\"https:\/\/www.time2plug.com\/page\/wp-content\/uploads\/2025\/04\/T2P-Blanc_Background-Orange.png\" \/>\n\t<meta property=\"og:image:width\" content=\"300\" \/>\n\t<meta property=\"og:image:height\" content=\"300\" \/>\n\t<meta property=\"og:image:type\" content=\"image\/png\" \/>\n<meta name=\"twitter:card\" content=\"summary_large_image\" \/>\n<meta name=\"twitter:label1\" content=\"Dur\u00e9e de lecture estim\u00e9e\" \/>\n\t<meta name=\"twitter:data1\" content=\"2 minutes\" \/>\n<script type=\"application\/ld+json\" class=\"yoast-schema-graph\">{\"@context\":\"https:\\\/\\\/schema.org\",\"@graph\":[{\"@type\":\"WebPage\",\"@id\":\"https:\\\/\\\/www.time2plug.com\\\/page\\\/politique-de-remboursement\\\/\",\"url\":\"https:\\\/\\\/www.time2plug.com\\\/page\\\/politique-de-remboursement\\\/\",\"name\":\"Politique de remboursement | Time2plug\",\"isPartOf\":{\"@id\":\"https:\\\/\\\/www.time2plug.com\\\/page\\\/#website\"},\"datePublished\":\"2024-07-16T11:45:41+00:00\",\"dateModified\":\"2024-07-16T11:52:49+00:00\",\"breadcrumb\":{\"@id\":\"https:\\\/\\\/www.time2plug.com\\\/page\\\/politique-de-remboursement\\\/#breadcrumb\"},\"inLanguage\":\"fr-FR\",\"potentialAction\":[{\"@type\":\"ReadAction\",\"target\":[\"https:\\\/\\\/www.time2plug.com\\\/page\\\/politique-de-remboursement\\\/\"]}]},{\"@type\":\"BreadcrumbList\",\"@id\":\"https:\\\/\\\/www.time2plug.com\\\/page\\\/politique-de-remboursement\\\/#breadcrumb\",\"itemListElement\":[{\"@type\":\"ListItem\",\"position\":1,\"name\":\"Accueil\",\"item\":\"https:\\\/\\\/www.time2plug.com\\\/page\\\/\"},{\"@type\":\"ListItem\",\"position\":2,\"name\":\"Politique de remboursement\"}]},{\"@type\":\"WebSite\",\"@id\":\"https:\\\/\\\/www.time2plug.com\\\/page\\\/#website\",\"url\":\"https:\\\/\\\/www.time2plug.com\\\/page\\\/\",\"name\":\"Time2plug\",\"description\":\"Installation et gestion de bornes recharge pour voitures \u00e9lectriques\",\"publisher\":{\"@id\":\"https:\\\/\\\/www.time2plug.com\\\/page\\\/#organization\"},\"alternateName\":\"Bornes de recharge pour voitures \u00e9lectriques\",\"potentialAction\":[{\"@type\":\"SearchAction\",\"target\":{\"@type\":\"EntryPoint\",\"urlTemplate\":\"https:\\\/\\\/www.time2plug.com\\\/page\\\/?s={search_term_string}\"},\"query-input\":{\"@type\":\"PropertyValueSpecification\",\"valueRequired\":true,\"valueName\":\"search_term_string\"}}],\"inLanguage\":\"fr-FR\"},{\"@type\":\"Organization\",\"@id\":\"https:\\\/\\\/www.time2plug.com\\\/page\\\/#organization\",\"name\":\"Time2plug\",\"alternateName\":\"Bornes de recharge pour voitures \u00e9lectriques\",\"url\":\"https:\\\/\\\/www.time2plug.com\\\/page\\\/\",\"logo\":{\"@type\":\"ImageObject\",\"inLanguage\":\"fr-FR\",\"@id\":\"https:\\\/\\\/www.time2plug.com\\\/page\\\/#\\\/schema\\\/logo\\\/image\\\/\",\"url\":\"https:\\\/\\\/www.time2plug.com\\\/page\\\/wp-content\\\/uploads\\\/2025\\\/04\\\/T2P-Blanc_Background-Orange.png\",\"contentUrl\":\"https:\\\/\\\/www.time2plug.com\\\/page\\\/wp-content\\\/uploads\\\/2025\\\/04\\\/T2P-Blanc_Background-Orange.png\",\"width\":300,\"height\":300,\"caption\":\"Time2plug\"},\"image\":{\"@id\":\"https:\\\/\\\/www.time2plug.com\\\/page\\\/#\\\/schema\\\/logo\\\/image\\\/\"},\"sameAs\":[\"https:\\\/\\\/www.linkedin.com\\\/company\\\/time2plug\\\/\"]}]}<\/script>\n<!-- \/ Yoast SEO plugin. -->","yoast_head_json":{"title":"Politique de remboursement | Time2plug","robots":{"index":"noindex","follow":"nofollow"},"og_locale":"fr_FR","og_type":"article","og_title":"Politique de remboursement | Time2plug","og_description":"Politique de Remboursement pour les Services de Recharge de V\u00e9hicules \u00c9lectriques 1. Introduction Chez Time2plug, nous nous engageons \u00e0 offrir des services de recharge de haute qualit\u00e9 pour les v\u00e9hicules \u00e9lectriques. Notre objectif est de garantir la satisfaction de nos clients. Cependant, nous comprenons que des situations peuvent survenir o\u00f9 un remboursement peut \u00eatre n\u00e9cessaire. [&hellip;]","og_url":"https:\/\/www.time2plug.com\/page\/politique-de-remboursement\/","og_site_name":"Time2plug","article_modified_time":"2024-07-16T11:52:49+00:00","og_image":[{"width":300,"height":300,"url":"https:\/\/www.time2plug.com\/page\/wp-content\/uploads\/2025\/04\/T2P-Blanc_Background-Orange.png","type":"image\/png"}],"twitter_card":"summary_large_image","twitter_misc":{"Dur\u00e9e de lecture estim\u00e9e":"2 minutes"},"schema":{"@context":"https:\/\/schema.org","@graph":[{"@type":"WebPage","@id":"https:\/\/www.time2plug.com\/page\/politique-de-remboursement\/","url":"https:\/\/www.time2plug.com\/page\/politique-de-remboursement\/","name":"Politique de remboursement | Time2plug","isPartOf":{"@id":"https:\/\/www.time2plug.com\/page\/#website"},"datePublished":"2024-07-16T11:45:41+00:00","dateModified":"2024-07-16T11:52:49+00:00","breadcrumb":{"@id":"https:\/\/www.time2plug.com\/page\/politique-de-remboursement\/#breadcrumb"},"inLanguage":"fr-FR","potentialAction":[{"@type":"ReadAction","target":["https:\/\/www.time2plug.com\/page\/politique-de-remboursement\/"]}]},{"@type":"BreadcrumbList","@id":"https:\/\/www.time2plug.com\/page\/politique-de-remboursement\/#breadcrumb","itemListElement":[{"@type":"ListItem","position":1,"name":"Accueil","item":"https:\/\/www.time2plug.com\/page\/"},{"@type":"ListItem","position":2,"name":"Politique de remboursement"}]},{"@type":"WebSite","@id":"https:\/\/www.time2plug.com\/page\/#website","url":"https:\/\/www.time2plug.com\/page\/","name":"Time2plug","description":"Installation et gestion de bornes recharge pour voitures \u00e9lectriques","publisher":{"@id":"https:\/\/www.time2plug.com\/page\/#organization"},"alternateName":"Bornes de recharge pour voitures \u00e9lectriques","potentialAction":[{"@type":"SearchAction","target":{"@type":"EntryPoint","urlTemplate":"https:\/\/www.time2plug.com\/page\/?s={search_term_string}"},"query-input":{"@type":"PropertyValueSpecification","valueRequired":true,"valueName":"search_term_string"}}],"inLanguage":"fr-FR"},{"@type":"Organization","@id":"https:\/\/www.time2plug.com\/page\/#organization","name":"Time2plug","alternateName":"Bornes de recharge pour voitures \u00e9lectriques","url":"https:\/\/www.time2plug.com\/page\/","logo":{"@type":"ImageObject","inLanguage":"fr-FR","@id":"https:\/\/www.time2plug.com\/page\/#\/schema\/logo\/image\/","url":"https:\/\/www.time2plug.com\/page\/wp-content\/uploads\/2025\/04\/T2P-Blanc_Background-Orange.png","contentUrl":"https:\/\/www.time2plug.com\/page\/wp-content\/uploads\/2025\/04\/T2P-Blanc_Background-Orange.png","width":300,"height":300,"caption":"Time2plug"},"image":{"@id":"https:\/\/www.time2plug.com\/page\/#\/schema\/logo\/image\/"},"sameAs":["https:\/\/www.linkedin.com\/company\/time2plug\/"]}]}},"_links":{"self":[{"href":"https:\/\/www.time2plug.com\/page\/wp-json\/wp\/v2\/pages\/14264","targetHints":{"allow":["GET"]}}],"collection":[{"href":"https:\/\/www.time2plug.com\/page\/wp-json\/wp\/v2\/pages"}],"about":[{"href":"https:\/\/www.time2plug.com\/page\/wp-json\/wp\/v2\/types\/page"}],"author":[{"embeddable":true,"href":"https:\/\/www.time2plug.com\/page\/wp-json\/wp\/v2\/users\/14"}],"replies":[{"embeddable":true,"href":"https:\/\/www.time2plug.com\/page\/wp-json\/wp\/v2\/comments?post=14264"}],"version-history":[{"count":0,"href":"https:\/\/www.time2plug.com\/page\/wp-json\/wp\/v2\/pages\/14264\/revisions"}],"wp:attachment":[{"href":"https:\/\/www.time2plug.com\/page\/wp-json\/wp\/v2\/media?parent=14264"}],"curies":[{"name":"wp","href":"https:\/\/api.w.org\/{rel}","templated":true}]}}