{"id":16637,"date":"2025-06-05T14:44:16","date_gmt":"2025-06-05T12:44:16","guid":{"rendered":"https:\/\/www.time2plug.com\/page\/?page_id=16637"},"modified":"2025-06-11T15:42:14","modified_gmt":"2025-06-11T13:42:14","slug":"arval-et-time2plug-formulaire-client","status":"publish","type":"page","link":"https:\/\/www.time2plug.com\/page\/arval-et-time2plug-formulaire-client\/","title":{"rendered":"Arval et Time2plug : formulaire client"},"content":{"rendered":"\t\t<div data-elementor-type=\"wp-page\" data-elementor-id=\"16637\" class=\"elementor elementor-16637\" data-elementor-post-type=\"page\">\n\t\t\t\t\t\t<section class=\"elementor-section elementor-top-section elementor-element elementor-element-818de5d elementor-hidden-tablet elementor-section-boxed elementor-section-height-default elementor-section-height-default\" data-id=\"818de5d\" data-element_type=\"section\" data-e-type=\"section\">\n\t\t\t\t\t\t<div class=\"elementor-container elementor-column-gap-default\">\n\t\t\t\t\t<div class=\"elementor-column elementor-col-100 elementor-top-column elementor-element elementor-element-3ddf57e\" data-id=\"3ddf57e\" data-element_type=\"column\" data-e-type=\"column\">\n\t\t\t<div class=\"elementor-widget-wrap elementor-element-populated\">\n\t\t\t\t\t\t<div class=\"elementor-element elementor-element-a334ec3 elementor-widget elementor-widget-text-editor\" data-id=\"a334ec3\" data-element_type=\"widget\" data-e-type=\"widget\" data-widget_type=\"text-editor.default\">\n\t\t\t\t<div class=\"elementor-widget-container\">\n\t\t\t\t\t\t\t\t\t<p><span style=\"color: #000000;\">Time2plug vous accompagne pour<\/span><span style=\"font-size: 16px;\">&nbsp;identifier la solution de recharge la plus pertinente pour votre parking, en tenant compte de sa configuration et de vos usages sp\u00e9cifiques.<\/span><\/p>\n<p><span style=\"color: #000000;\">&nbsp;Nous vous remercions par avance de r\u00e9pondre \u00e0 ce questionnaire qui prendra moins d&rsquo;1 minute.&nbsp;<\/span><\/p>\t\t\t\t\t\t\t\t<\/div>\n\t\t\t\t<\/div>\n\t\t\t\t\t<\/div>\n\t\t<\/div>\n\t\t\t\t\t<\/div>\n\t\t<\/section>\n\t\t\t\t<section class=\"elementor-section elementor-top-section elementor-element elementor-element-4b971ed elementor-section-boxed elementor-section-height-default elementor-section-height-default\" data-id=\"4b971ed\" data-element_type=\"section\" data-e-type=\"section\">\n\t\t\t\t\t\t<div class=\"elementor-container elementor-column-gap-default\">\n\t\t\t\t\t<div class=\"elementor-column elementor-col-25 elementor-top-column elementor-element elementor-element-a02ffba\" data-id=\"a02ffba\" data-element_type=\"column\" data-e-type=\"column\">\n\t\t\t<div class=\"elementor-widget-wrap\">\n\t\t\t\t\t\t\t<\/div>\n\t\t<\/div>\n\t\t\t\t<div class=\"elementor-column elementor-col-25 elementor-top-column elementor-element elementor-element-e0bcac1\" data-id=\"e0bcac1\" data-element_type=\"column\" data-e-type=\"column\">\n\t\t\t<div class=\"elementor-widget-wrap elementor-element-populated\">\n\t\t\t\t\t\t<div class=\"elementor-element elementor-element-c7bac30 elementor-widget elementor-widget-image\" data-id=\"c7bac30\" data-element_type=\"widget\" data-e-type=\"widget\" data-widget_type=\"image.default\">\n\t\t\t\t<div class=\"elementor-widget-container\">\n\t\t\t\t\t\t\t\t\t\t\t\t\t\t\t<img fetchpriority=\"high\" decoding=\"async\" width=\"1024\" height=\"318\" src=\"https:\/\/www.time2plug.com\/page\/wp-content\/uploads\/2025\/06\/7c589f41-b9ef-41bd-b1d2-9d80ce7b107d-1024x318.png\" class=\"attachment-large size-large wp-image-16639\" alt=\"\" srcset=\"https:\/\/www.time2plug.com\/page\/wp-content\/uploads\/2025\/06\/7c589f41-b9ef-41bd-b1d2-9d80ce7b107d-1024x318.png 1024w, https:\/\/www.time2plug.com\/page\/wp-content\/uploads\/2025\/06\/7c589f41-b9ef-41bd-b1d2-9d80ce7b107d-300x93.png 300w, https:\/\/www.time2plug.com\/page\/wp-content\/uploads\/2025\/06\/7c589f41-b9ef-41bd-b1d2-9d80ce7b107d-768x238.png 768w, https:\/\/www.time2plug.com\/page\/wp-content\/uploads\/2025\/06\/7c589f41-b9ef-41bd-b1d2-9d80ce7b107d.png 1131w\" sizes=\"(max-width: 1024px) 100vw, 1024px\" \/>\t\t\t\t\t\t\t\t\t\t\t\t\t\t\t<\/div>\n\t\t\t\t<\/div>\n\t\t\t\t\t<\/div>\n\t\t<\/div>\n\t\t\t\t<div class=\"elementor-column elementor-col-25 elementor-top-column elementor-element elementor-element-3c8e863\" data-id=\"3c8e863\" data-element_type=\"column\" data-e-type=\"column\">\n\t\t\t<div class=\"elementor-widget-wrap elementor-element-populated\">\n\t\t\t\t\t\t<div class=\"elementor-element elementor-element-6cfccd2 elementor-widget elementor-widget-image\" data-id=\"6cfccd2\" data-element_type=\"widget\" data-e-type=\"widget\" data-widget_type=\"image.default\">\n\t\t\t\t<div class=\"elementor-widget-container\">\n\t\t\t\t\t\t\t\t\t\t\t\t\t\t\t<img decoding=\"async\" width=\"1024\" height=\"215\" src=\"https:\/\/www.time2plug.com\/page\/wp-content\/uploads\/2022\/09\/cropped-logo-time2plug-1024x215.png\" class=\"attachment-large size-large wp-image-413\" alt=\"Time2plug, bornes de recharge pour voitures \u00e9lectriques\" srcset=\"https:\/\/www.time2plug.com\/page\/wp-content\/uploads\/2022\/09\/cropped-logo-time2plug-1024x215.png 1024w, https:\/\/www.time2plug.com\/page\/wp-content\/uploads\/2022\/09\/cropped-logo-time2plug-300x63.png 300w, https:\/\/www.time2plug.com\/page\/wp-content\/uploads\/2022\/09\/cropped-logo-time2plug-768x161.png 768w, https:\/\/www.time2plug.com\/page\/wp-content\/uploads\/2022\/09\/cropped-logo-time2plug.png 1358w\" sizes=\"(max-width: 1024px) 100vw, 1024px\" \/>\t\t\t\t\t\t\t\t\t\t\t\t\t\t\t<\/div>\n\t\t\t\t<\/div>\n\t\t\t\t\t<\/div>\n\t\t<\/div>\n\t\t\t\t<div class=\"elementor-column elementor-col-25 elementor-top-column elementor-element elementor-element-c1217b2\" data-id=\"c1217b2\" data-element_type=\"column\" data-e-type=\"column\">\n\t\t\t<div class=\"elementor-widget-wrap\">\n\t\t\t\t\t\t\t<\/div>\n\t\t<\/div>\n\t\t\t\t\t<\/div>\n\t\t<\/section>\n\t\t\t\t<section class=\"elementor-section elementor-top-section elementor-element elementor-element-d7fa0bf elementor-section-boxed elementor-section-height-default elementor-section-height-default\" data-id=\"d7fa0bf\" data-element_type=\"section\" data-e-type=\"section\">\n\t\t\t\t\t\t<div class=\"elementor-container elementor-column-gap-default\">\n\t\t\t\t\t<div class=\"elementor-column elementor-col-100 elementor-top-column elementor-element elementor-element-83bb487\" data-id=\"83bb487\" data-element_type=\"column\" data-e-type=\"column\">\n\t\t\t<div class=\"elementor-widget-wrap elementor-element-populated\">\n\t\t\t\t\t\t<div class=\"elementor-element elementor-element-1dbbb09 elementor-widget elementor-widget-html\" data-id=\"1dbbb09\" data-element_type=\"widget\" data-e-type=\"widget\" data-widget_type=\"html.default\">\n\t\t\t\t<div class=\"elementor-widget-container\">\n\t\t\t\t\t<iframe src=\"https:\/\/www.time2plug.com\/form-partners\/001Sm00000X5fPSIAZ\/client?withComments\" height=\"3200\"><\/iframe>\t\t\t\t<\/div>\n\t\t\t\t<\/div>\n\t\t\t\t\t<\/div>\n\t\t<\/div>\n\t\t\t\t\t<\/div>\n\t\t<\/section>\n\t\t\t\t<\/div>\n\t\t","protected":false},"excerpt":{"rendered":"<p>Time2plug vous accompagne pour&nbsp;identifier la solution de recharge la plus pertinente pour votre parking, en tenant compte de sa configuration et de vos usages sp\u00e9cifiques. &nbsp;Nous vous remercions par avance de r\u00e9pondre \u00e0 ce questionnaire qui prendra moins d&rsquo;1 minute.&nbsp;<\/p>\n","protected":false},"author":7,"featured_media":0,"parent":0,"menu_order":0,"comment_status":"closed","ping_status":"closed","template":"","meta":{"_monsterinsights_skip_tracking":false,"_monsterinsights_sitenote_active":false,"_monsterinsights_sitenote_note":"","_monsterinsights_sitenote_category":0,"ocean_post_layout":"","ocean_both_sidebars_style":"","ocean_both_sidebars_content_width":0,"ocean_both_sidebars_sidebars_width":0,"ocean_sidebar":"","ocean_second_sidebar":"","ocean_disable_margins":"enable","ocean_add_body_class":"","ocean_shortcode_before_top_bar":"","ocean_shortcode_after_top_bar":"","ocean_shortcode_before_header":"","ocean_shortcode_after_header":"","ocean_has_shortcode":"","ocean_shortcode_after_title":"","ocean_shortcode_before_footer_widgets":"","ocean_shortcode_after_footer_widgets":"","ocean_shortcode_before_footer_bottom":"","ocean_shortcode_after_footer_bottom":"","ocean_display_top_bar":"default","ocean_display_header":"default","ocean_header_style":"","ocean_center_header_left_menu":"","ocean_custom_header_template":"","ocean_custom_logo":0,"ocean_custom_retina_logo":0,"ocean_custom_logo_max_width":0,"ocean_custom_logo_tablet_max_width":0,"ocean_custom_logo_mobile_max_width":0,"ocean_custom_logo_max_height":0,"ocean_custom_logo_tablet_max_height":0,"ocean_custom_logo_mobile_max_height":0,"ocean_header_custom_menu":"","ocean_menu_typo_font_family":"","ocean_menu_typo_font_subset":"","ocean_menu_typo_font_size":0,"ocean_menu_typo_font_size_tablet":0,"ocean_menu_typo_font_size_mobile":0,"ocean_menu_typo_font_size_unit":"px","ocean_menu_typo_font_weight":"","ocean_menu_typo_font_weight_tablet":"","ocean_menu_typo_font_weight_mobile":"","ocean_menu_typo_transform":"","ocean_menu_typo_transform_tablet":"","ocean_menu_typo_transform_mobile":"","ocean_menu_typo_line_height":0,"ocean_menu_typo_line_height_tablet":0,"ocean_menu_typo_line_height_mobile":0,"ocean_menu_typo_line_height_unit":"","ocean_menu_typo_spacing":0,"ocean_menu_typo_spacing_tablet":0,"ocean_menu_typo_spacing_mobile":0,"ocean_menu_typo_spacing_unit":"","ocean_menu_link_color":"","ocean_menu_link_color_hover":"","ocean_menu_link_color_active":"","ocean_menu_link_background":"","ocean_menu_link_hover_background":"","ocean_menu_link_active_background":"","ocean_menu_social_links_bg":"","ocean_menu_social_hover_links_bg":"","ocean_menu_social_links_color":"","ocean_menu_social_hover_links_color":"","ocean_disable_title":"default","ocean_disable_heading":"default","ocean_post_title":"","ocean_post_subheading":"","ocean_post_title_style":"","ocean_post_title_background_color":"","ocean_post_title_background":0,"ocean_post_title_bg_image_position":"","ocean_post_title_bg_image_attachment":"","ocean_post_title_bg_image_repeat":"","ocean_post_title_bg_image_size":"","ocean_post_title_height":0,"ocean_post_title_bg_overlay":0.5,"ocean_post_title_bg_overlay_color":"","ocean_disable_breadcrumbs":"default","ocean_breadcrumbs_color":"","ocean_breadcrumbs_separator_color":"","ocean_breadcrumbs_links_color":"","ocean_breadcrumbs_links_hover_color":"","ocean_display_footer_widgets":"default","ocean_display_footer_bottom":"default","ocean_custom_footer_template":"","osh_disable_topbar_sticky":"default","osh_disable_header_sticky":"default","osh_sticky_header_style":"default","osh_sticky_header_effect":"","osh_custom_sticky_logo":0,"osh_custom_retina_sticky_logo":0,"osh_custom_sticky_logo_height":0,"osh_background_color":"","osh_links_color":"","osh_links_hover_color":"","osh_links_active_color":"","osh_links_bg_color":"","osh_links_hover_bg_color":"","osh_links_active_bg_color":"","osh_menu_social_links_color":"","osh_menu_social_hover_links_color":"","footnotes":""},"class_list":["post-16637","page","type-page","status-publish","hentry","entry"],"yoast_head":"<!-- This site is optimized with the Yoast SEO plugin v27.3 - https:\/\/yoast.com\/product\/yoast-seo-wordpress\/ -->\n<title>Arval et Time2plug : formulaire client | Time2plug<\/title>\n<meta name=\"robots\" content=\"index, follow, max-snippet:-1, max-image-preview:large, max-video-preview:-1\" \/>\n<link rel=\"canonical\" href=\"https:\/\/www.time2plug.com\/page\/arval-et-time2plug-formulaire-client\/\" \/>\n<meta property=\"og:locale\" content=\"fr_FR\" \/>\n<meta property=\"og:type\" content=\"article\" \/>\n<meta property=\"og:title\" content=\"Arval et Time2plug : formulaire client | Time2plug\" \/>\n<meta property=\"og:description\" content=\"Time2plug vous accompagne pour&nbsp;identifier la solution de recharge la plus pertinente pour votre parking, en tenant compte de sa configuration et de vos usages sp\u00e9cifiques. &nbsp;Nous vous remercions par avance de r\u00e9pondre \u00e0 ce questionnaire qui prendra moins d&rsquo;1 minute.&nbsp;\" \/>\n<meta property=\"og:url\" content=\"https:\/\/www.time2plug.com\/page\/arval-et-time2plug-formulaire-client\/\" \/>\n<meta property=\"og:site_name\" content=\"Time2plug\" \/>\n<meta property=\"article:modified_time\" content=\"2025-06-11T13:42:14+00:00\" \/>\n<meta property=\"og:image\" content=\"https:\/\/www.time2plug.com\/page\/wp-content\/uploads\/2025\/06\/7c589f41-b9ef-41bd-b1d2-9d80ce7b107d.png\" \/>\n\t<meta property=\"og:image:width\" content=\"1131\" \/>\n\t<meta property=\"og:image:height\" content=\"351\" \/>\n\t<meta property=\"og:image:type\" content=\"image\/png\" \/>\n<meta name=\"twitter:card\" content=\"summary_large_image\" \/>\n<meta name=\"twitter:label1\" content=\"Dur\u00e9e de lecture estim\u00e9e\" \/>\n\t<meta name=\"twitter:data1\" content=\"1 minute\" \/>\n<script type=\"application\/ld+json\" class=\"yoast-schema-graph\">{\"@context\":\"https:\\\/\\\/schema.org\",\"@graph\":[{\"@type\":\"WebPage\",\"@id\":\"https:\\\/\\\/www.time2plug.com\\\/page\\\/arval-et-time2plug-formulaire-client\\\/\",\"url\":\"https:\\\/\\\/www.time2plug.com\\\/page\\\/arval-et-time2plug-formulaire-client\\\/\",\"name\":\"Arval et Time2plug : formulaire client | Time2plug\",\"isPartOf\":{\"@id\":\"https:\\\/\\\/www.time2plug.com\\\/page\\\/#website\"},\"primaryImageOfPage\":{\"@id\":\"https:\\\/\\\/www.time2plug.com\\\/page\\\/arval-et-time2plug-formulaire-client\\\/#primaryimage\"},\"image\":{\"@id\":\"https:\\\/\\\/www.time2plug.com\\\/page\\\/arval-et-time2plug-formulaire-client\\\/#primaryimage\"},\"thumbnailUrl\":\"https:\\\/\\\/www.time2plug.com\\\/page\\\/wp-content\\\/uploads\\\/2025\\\/06\\\/7c589f41-b9ef-41bd-b1d2-9d80ce7b107d-1024x318.png\",\"datePublished\":\"2025-06-05T12:44:16+00:00\",\"dateModified\":\"2025-06-11T13:42:14+00:00\",\"breadcrumb\":{\"@id\":\"https:\\\/\\\/www.time2plug.com\\\/page\\\/arval-et-time2plug-formulaire-client\\\/#breadcrumb\"},\"inLanguage\":\"fr-FR\",\"potentialAction\":[{\"@type\":\"ReadAction\",\"target\":[\"https:\\\/\\\/www.time2plug.com\\\/page\\\/arval-et-time2plug-formulaire-client\\\/\"]}]},{\"@type\":\"ImageObject\",\"inLanguage\":\"fr-FR\",\"@id\":\"https:\\\/\\\/www.time2plug.com\\\/page\\\/arval-et-time2plug-formulaire-client\\\/#primaryimage\",\"url\":\"https:\\\/\\\/www.time2plug.com\\\/page\\\/wp-content\\\/uploads\\\/2025\\\/06\\\/7c589f41-b9ef-41bd-b1d2-9d80ce7b107d.png\",\"contentUrl\":\"https:\\\/\\\/www.time2plug.com\\\/page\\\/wp-content\\\/uploads\\\/2025\\\/06\\\/7c589f41-b9ef-41bd-b1d2-9d80ce7b107d.png\",\"width\":1131,\"height\":351},{\"@type\":\"BreadcrumbList\",\"@id\":\"https:\\\/\\\/www.time2plug.com\\\/page\\\/arval-et-time2plug-formulaire-client\\\/#breadcrumb\",\"itemListElement\":[{\"@type\":\"ListItem\",\"position\":1,\"name\":\"Accueil\",\"item\":\"https:\\\/\\\/www.time2plug.com\\\/page\\\/\"},{\"@type\":\"ListItem\",\"position\":2,\"name\":\"Arval et Time2plug : formulaire client\"}]},{\"@type\":\"WebSite\",\"@id\":\"https:\\\/\\\/www.time2plug.com\\\/page\\\/#website\",\"url\":\"https:\\\/\\\/www.time2plug.com\\\/page\\\/\",\"name\":\"Time2plug\",\"description\":\"Installation et gestion de bornes recharge pour voitures \u00e9lectriques\",\"publisher\":{\"@id\":\"https:\\\/\\\/www.time2plug.com\\\/page\\\/#organization\"},\"alternateName\":\"Bornes de recharge pour voitures \u00e9lectriques\",\"potentialAction\":[{\"@type\":\"SearchAction\",\"target\":{\"@type\":\"EntryPoint\",\"urlTemplate\":\"https:\\\/\\\/www.time2plug.com\\\/page\\\/?s={search_term_string}\"},\"query-input\":{\"@type\":\"PropertyValueSpecification\",\"valueRequired\":true,\"valueName\":\"search_term_string\"}}],\"inLanguage\":\"fr-FR\"},{\"@type\":\"Organization\",\"@id\":\"https:\\\/\\\/www.time2plug.com\\\/page\\\/#organization\",\"name\":\"Time2plug\",\"alternateName\":\"Bornes de recharge pour voitures \u00e9lectriques\",\"url\":\"https:\\\/\\\/www.time2plug.com\\\/page\\\/\",\"logo\":{\"@type\":\"ImageObject\",\"inLanguage\":\"fr-FR\",\"@id\":\"https:\\\/\\\/www.time2plug.com\\\/page\\\/#\\\/schema\\\/logo\\\/image\\\/\",\"url\":\"https:\\\/\\\/www.time2plug.com\\\/page\\\/wp-content\\\/uploads\\\/2025\\\/04\\\/T2P-Blanc_Background-Orange.png\",\"contentUrl\":\"https:\\\/\\\/www.time2plug.com\\\/page\\\/wp-content\\\/uploads\\\/2025\\\/04\\\/T2P-Blanc_Background-Orange.png\",\"width\":300,\"height\":300,\"caption\":\"Time2plug\"},\"image\":{\"@id\":\"https:\\\/\\\/www.time2plug.com\\\/page\\\/#\\\/schema\\\/logo\\\/image\\\/\"},\"sameAs\":[\"https:\\\/\\\/www.linkedin.com\\\/company\\\/time2plug\\\/\"]}]}<\/script>\n<!-- \/ Yoast SEO plugin. -->","yoast_head_json":{"title":"Arval et Time2plug : formulaire client | Time2plug","robots":{"index":"index","follow":"follow","max-snippet":"max-snippet:-1","max-image-preview":"max-image-preview:large","max-video-preview":"max-video-preview:-1"},"canonical":"https:\/\/www.time2plug.com\/page\/arval-et-time2plug-formulaire-client\/","og_locale":"fr_FR","og_type":"article","og_title":"Arval et Time2plug : formulaire client | Time2plug","og_description":"Time2plug vous accompagne pour&nbsp;identifier la solution de recharge la plus pertinente pour votre parking, en tenant compte de sa configuration et de vos usages sp\u00e9cifiques. &nbsp;Nous vous remercions par avance de r\u00e9pondre \u00e0 ce questionnaire qui prendra moins d&rsquo;1 minute.&nbsp;","og_url":"https:\/\/www.time2plug.com\/page\/arval-et-time2plug-formulaire-client\/","og_site_name":"Time2plug","article_modified_time":"2025-06-11T13:42:14+00:00","og_image":[{"width":1131,"height":351,"url":"https:\/\/www.time2plug.com\/page\/wp-content\/uploads\/2025\/06\/7c589f41-b9ef-41bd-b1d2-9d80ce7b107d.png","type":"image\/png"}],"twitter_card":"summary_large_image","twitter_misc":{"Dur\u00e9e de lecture estim\u00e9e":"1 minute"},"schema":{"@context":"https:\/\/schema.org","@graph":[{"@type":"WebPage","@id":"https:\/\/www.time2plug.com\/page\/arval-et-time2plug-formulaire-client\/","url":"https:\/\/www.time2plug.com\/page\/arval-et-time2plug-formulaire-client\/","name":"Arval et Time2plug : formulaire client | Time2plug","isPartOf":{"@id":"https:\/\/www.time2plug.com\/page\/#website"},"primaryImageOfPage":{"@id":"https:\/\/www.time2plug.com\/page\/arval-et-time2plug-formulaire-client\/#primaryimage"},"image":{"@id":"https:\/\/www.time2plug.com\/page\/arval-et-time2plug-formulaire-client\/#primaryimage"},"thumbnailUrl":"https:\/\/www.time2plug.com\/page\/wp-content\/uploads\/2025\/06\/7c589f41-b9ef-41bd-b1d2-9d80ce7b107d-1024x318.png","datePublished":"2025-06-05T12:44:16+00:00","dateModified":"2025-06-11T13:42:14+00:00","breadcrumb":{"@id":"https:\/\/www.time2plug.com\/page\/arval-et-time2plug-formulaire-client\/#breadcrumb"},"inLanguage":"fr-FR","potentialAction":[{"@type":"ReadAction","target":["https:\/\/www.time2plug.com\/page\/arval-et-time2plug-formulaire-client\/"]}]},{"@type":"ImageObject","inLanguage":"fr-FR","@id":"https:\/\/www.time2plug.com\/page\/arval-et-time2plug-formulaire-client\/#primaryimage","url":"https:\/\/www.time2plug.com\/page\/wp-content\/uploads\/2025\/06\/7c589f41-b9ef-41bd-b1d2-9d80ce7b107d.png","contentUrl":"https:\/\/www.time2plug.com\/page\/wp-content\/uploads\/2025\/06\/7c589f41-b9ef-41bd-b1d2-9d80ce7b107d.png","width":1131,"height":351},{"@type":"BreadcrumbList","@id":"https:\/\/www.time2plug.com\/page\/arval-et-time2plug-formulaire-client\/#breadcrumb","itemListElement":[{"@type":"ListItem","position":1,"name":"Accueil","item":"https:\/\/www.time2plug.com\/page\/"},{"@type":"ListItem","position":2,"name":"Arval et Time2plug : formulaire client"}]},{"@type":"WebSite","@id":"https:\/\/www.time2plug.com\/page\/#website","url":"https:\/\/www.time2plug.com\/page\/","name":"Time2plug","description":"Installation et gestion de bornes recharge pour voitures \u00e9lectriques","publisher":{"@id":"https:\/\/www.time2plug.com\/page\/#organization"},"alternateName":"Bornes de recharge pour voitures \u00e9lectriques","potentialAction":[{"@type":"SearchAction","target":{"@type":"EntryPoint","urlTemplate":"https:\/\/www.time2plug.com\/page\/?s={search_term_string}"},"query-input":{"@type":"PropertyValueSpecification","valueRequired":true,"valueName":"search_term_string"}}],"inLanguage":"fr-FR"},{"@type":"Organization","@id":"https:\/\/www.time2plug.com\/page\/#organization","name":"Time2plug","alternateName":"Bornes de recharge pour voitures \u00e9lectriques","url":"https:\/\/www.time2plug.com\/page\/","logo":{"@type":"ImageObject","inLanguage":"fr-FR","@id":"https:\/\/www.time2plug.com\/page\/#\/schema\/logo\/image\/","url":"https:\/\/www.time2plug.com\/page\/wp-content\/uploads\/2025\/04\/T2P-Blanc_Background-Orange.png","contentUrl":"https:\/\/www.time2plug.com\/page\/wp-content\/uploads\/2025\/04\/T2P-Blanc_Background-Orange.png","width":300,"height":300,"caption":"Time2plug"},"image":{"@id":"https:\/\/www.time2plug.com\/page\/#\/schema\/logo\/image\/"},"sameAs":["https:\/\/www.linkedin.com\/company\/time2plug\/"]}]}},"_links":{"self":[{"href":"https:\/\/www.time2plug.com\/page\/wp-json\/wp\/v2\/pages\/16637","targetHints":{"allow":["GET"]}}],"collection":[{"href":"https:\/\/www.time2plug.com\/page\/wp-json\/wp\/v2\/pages"}],"about":[{"href":"https:\/\/www.time2plug.com\/page\/wp-json\/wp\/v2\/types\/page"}],"author":[{"embeddable":true,"href":"https:\/\/www.time2plug.com\/page\/wp-json\/wp\/v2\/users\/7"}],"replies":[{"embeddable":true,"href":"https:\/\/www.time2plug.com\/page\/wp-json\/wp\/v2\/comments?post=16637"}],"version-history":[{"count":0,"href":"https:\/\/www.time2plug.com\/page\/wp-json\/wp\/v2\/pages\/16637\/revisions"}],"wp:attachment":[{"href":"https:\/\/www.time2plug.com\/page\/wp-json\/wp\/v2\/media?parent=16637"}],"curies":[{"name":"wp","href":"https:\/\/api.w.org\/{rel}","templated":true}]}}